{"id":2155,"date":"2018-06-22T15:46:19","date_gmt":"2018-06-22T15:46:19","guid":{"rendered":"http:\/\/www.sperlongaturismo.it\/privacy-policy\/"},"modified":"2019-05-30T14:11:44","modified_gmt":"2019-05-30T14:11:44","slug":"privacy-policy","status":"publish","type":"page","link":"https:\/\/www.sperlongaturismo.it\/en\/privacy-policy\/","title":{"rendered":"Privacy Policy"},"content":{"rendered":"<h1 class=\"page-heading\">TERMINI E CONDIZIONI D\u2019USO<\/h1>\n<p>Inserendo i propri dati personali nel modulo di adesione e accettando i termini e condizioni di utilizzo il Cliente acconsente al trattamento dei suoi dati personali secondo quanto previsto dal D.lgs. n. 196\/2003.<\/p>\n<p>La&nbsp;<span class=\"copyright\">Sperlonga Turismo Societ\u00e0 Cooperativa Consortile A.R.L.<\/span>&nbsp;si riserva il diritto di apportare modifiche o emendamenti in qualsiasi momento alle Politiche di Privacy. Tali modifiche o emendamenti saranno efficaci esclusivamente in relazione ad ordini di acquisto o comunicazioni presentati successivamente alla data di modifica o emendamento.<\/p>\n<h2>PRIVACY POLICY DEL PRESENTE SITO WEB<\/h2>\n<p>La presente privacy policy (di seguito, \u201cPrivacy Policy\u201d) si applica al sito web www.sperlongaturismo.it (di seguito, il Sito) e disciplina il trattamento dei dati personali effettuato dalla <span class=\"copyright\">Sperlonga Turismo Societ\u00e0 Cooperativa Consortile A.R.L.<\/span>, ai fini dello svolgimento dell\u2019attivit\u00e0 di vendita di prodotti (di seguito, i \u201cProdotti\u201d) attraverso il Sito e, con il consenso dell\u2019utente, per finalit\u00e0 di marketing.<br \/>\nLa Privacy Policy rappresenta, inoltre, informativa agli interessati ai sensi dell\u2019Art. 13 del Decreto Legislativo 30 giugno 2003, n. 196 (di seguito, il \u201cCodice Privacy\u201d).<br \/>\nLa Privacy Policy specifica l\u2019identit\u00e0 del titolare del trattamento, la tipologia dei dati raccolti, le finalit\u00e0 e le modalit\u00e0 del trattamento, la natura obbligatoria o facoltativa del conferimento dei dati, l\u2019ambito di comunicazione a terzi dei dati personali dell\u2019utente, le misure di sicurezza adottate al fine di proteggere tali dati, nonch\u00e9 i diritti dell\u2019utente e le modalit\u00e0 con cui tali diritti possono essere esercitati.<\/p>\n<h3>Il Titolare del trattamento<\/h3>\n<p>Il Titolare del trattamento \u00e8 la <span class=\"copyright\">Sperlonga Turismo Societ\u00e0 Cooperativa Consortile A.R.L.<\/span> \u2013 Piazza Fontana, 1 \u2013 04029 Sperlonga (LT) \u2013 Italia<\/p>\n<h3>La tipologia di dati raccolti e le finalit\u00e0 del trattamento<\/h3>\n<p>I dati personali che la <span class=\"copyright\">Sperlonga Turismo Societ\u00e0 Cooperativa Consortile A.R.L.<\/span> raccoglie e tratta comprendono nome, cognome, indirizzo, numero di telefono, indirizzo di posta elettronica (e-mail), codice fiscale o partita IVA ed altre eventuali informazioni di carattere facoltativo. La&nbsp;<span class=\"copyright\">Sperlonga Turismo Societ\u00e0 Cooperativa Consortile A.R.L.<\/span> raccoglie e tratta i dati personali forniti volontariamente dall\u2019utente per svolgere tutte le attivit\u00e0 di vendita di Prodotti attraverso il Sito e attivit\u00e0 strettamente. La <span class=\"copyright\">Sperlonga Turismo Societ\u00e0 Cooperativa Consortile A.R.L.<\/span>&nbsp;tratter\u00e0 inoltre i dati personali dell\u2019utente per far valere o difendere un diritto in sede giudiziaria e per l\u2019adempimento di obblighi previsti da leggi,<br \/>\nregolamenti e dalla normativa comunitaria. In conformit\u00e0 all\u2019articolo 3 del Codice Privacy, la raccolta di dati personali degli utenti da parte del Sito riguarder\u00e0 soltanto i dati strettamente necessari al fine di svolgere le attivit\u00e0 di vendita nonch\u00e9 ogni altra attivit\u00e0 connessa. Inoltre, con il preventivo, nonch\u00e9 libero e facoltativo, consenso dell\u2019utente, la&nbsp;<span class=\"copyright\">Sperlonga Turismo Societ\u00e0 Cooperativa Consortile A.R.L.<\/span> potr\u00e0 trattare i dati personali dell\u2019utente anche per finalit\u00e0 di marketing, cio\u00e8 per inviare all\u2019utente tramite newsletter informazioni sui Prodotti, informazioni sul Sito e su eventi organizzati dalla <span class=\"copyright\">Sperlonga Turismo Societ\u00e0 Cooperativa Consortile A.R.L.<\/span>&nbsp;L\u2019utente avr\u00e0 sempre la possibilit\u00e0 di revocare il proprio consenso all\u2019invio della newsletter. In ogni comunicazione vi sar\u00e0 un\u2019apposita sezione in cui sono specificate le modalit\u00e0 per revocare il proprio consenso e non ricevere pi\u00f9 la newsletter.<\/p>\n<h3>Il conferimento di dati personali<\/h3>\n<p>Il conferimento di dati da parte dell\u2019utente \u00e8 necessario per lo svolgimento delle attivit\u00e0 di vendita di Prodotti attraverso il Sito e attivit\u00e0 ad esse connesse. Inoltre, il conferimento di dati personali dell\u2019utente \u00e8 obbligatorio per adempiere disposizioni di carattere legislativo; l\u2019eventuale mancato conferimento di dati personali da parte dell\u2019utente nei casi sopra indicati comporter\u00e0 l\u2019impossibilit\u00e0 per l\u2019utente di ricevere i servizi, i Prodotti richiesti e di ricevere le risposte e informazioni richieste sul Sito. Il conferimento di dati da parte dell\u2019utente per finalit\u00e0 di marketing, come sopra specificato, \u00e8 libero e facoltativo; in tal caso l\u2019eventuale mancato conferimento non avr\u00e0 alcuna conseguenza.<\/p>\n<h3>Il luogo di conservazione dei dati personali raccolti<\/h3>\n<p>I dati personali raccolti saranno trattati dalla <span class=\"copyright\">Sperlonga Turismo Societ\u00e0 Cooperativa Consortile A.R.L.<\/span>&nbsp;Si invita l\u2019utente a consultare la sezione della Privacy Policy relativa all\u2019ambito di comunicazione dei dati personali per ulteriori informazioni sull\u2019ambito di comunicazione dei dati.<\/p>\n<h3>Le caratteristiche e le modalit\u00e0 del trattamento dei dati personali<\/h3>\n<p>I dati personali raccolti dalla&nbsp;<span class=\"copyright\">Sperlonga Turismo Societ\u00e0 Cooperativa Consortile A.R.L.<\/span> sono trattati prevalentemente con strumenti elettronici. Tali dati possono essere trattati anche mediante mezzi manuali. In ogni caso i dati sono conservati solo per il tempo strettamente funzionale al raggiungimento della specifica finalit\u00e0 di volta in volta perseguita e nel rispetto del Codice Privacy.<br \/>\nIn conformit\u00e0 all\u2019Allegato B al Codice Privacy (Disciplinare Tecnico in materia di misure minime di sicurezza) la&nbsp;<span class=\"copyright\">Sperlonga Turismo Societ\u00e0 Cooperativa Consortile A.R.L.<\/span> tratter\u00e0 i dati personali in conformit\u00e0 alle disposizioni vigenti in tema di sicurezza al fine di ridurre al minimo i rischi di distruzione e perdita, anche accidentale, di dati, di accesso non autorizzato, trattamento non consentito o non conforme alle finalit\u00e0 di raccolta dei dati e di uso illecito o non corretto dei dati.<\/p>\n<h3>Ambito di comunicazione dei dati personali<\/h3>\n<p>I dati personali dell\u2019utente saranno accessibili al personale dipendente della&nbsp;<span class=\"copyright\">Sperlonga Turismo Societ\u00e0 Cooperativa Consortile A.R.L.<\/span> incaricato del trattamento in relazione alle finalit\u00e0 sopra specificate.<br \/>\nI dati personali dell\u2019utente potranno essere comunicati a professionisti, collaboratori, terzi che svolgono servizi di carattere tecnico ed organizzativo di cui la <span class=\"copyright\">Sperlonga Turismo Societ\u00e0 Cooperativa Consortile A.R.L.<\/span> si pu\u00f2 servire per le finalit\u00e0 di trattamento sopra specificate. Tali soggetti tratteranno i dati quali titolari, responsabili ovvero incaricati del trattamento, a seconda dei casi, per le finalit\u00e0 sopra specificate e nel pieno rispetto del Codice Privacy; ad essi sono fornite solo le informazioni necessarie all\u2019espletamento delle relative funzioni. I dati personali dell\u2019utente non saranno in alcun modo diffusi.<\/p>\n<h3>I diritti dell\u2019utente<\/h3>\n<p>Ai sensi dell\u2019art. 7 del Codice Privacy, l\u2019utente ha il diritto, in qualsiasi momento, di ottenere la conferma dell\u2019esistenza o meno di dati personali che lo riguardano, di conoscerne il contenuto e l\u2019origine, di verificarne l\u2019esattezza, chiederne l\u2019integrazione, l\u2019aggiornamento, la rettificazione, la cancellazione, la trasformazione in forma anonima, il blocco dei dati trattati in violazione di legge, nonch\u00e9 il diritto di opporsi al trattamento dei dati per motivi legittimi. Per esercitare i propri diritti e per qualsiasi domanda o informazione relativa al<br \/>\ntrattamento dei dati personali da parte della&nbsp;<span class=\"copyright\">Sperlonga Turismo Societ\u00e0 Cooperativa Consortile A.R.L.<\/span> l\u2019utente pu\u00f2 rivolgersi al seguente indirizzo:<\/p>\n<p><span class=\"copyright\">Sperlonga Turismo Societ\u00e0 Cooperativa Consortile A.R.L.<\/span><br \/>\nPiazza Fontana, 1 \u2013 04029 Sperlonga (LT) \u2013 Italia<\/p>\n<p>La presente Privacy Policy \u00e8 soggetta ad aggiornamento da parte della&nbsp;<span class=\"copyright\">Sperlonga Turismo Societ\u00e0 Cooperativa Consortile A.R.L.<\/span> La versione pubblicata su www.sperlongaturismo.it \u00e8 quella attualmente in vigore. In caso di sostanziale modifica della presente Privacy Policy la&nbsp;<span class=\"copyright\">Sperlonga Turismo Societ\u00e0 Cooperativa Consortile A.R.L.<\/span> avviser\u00e0 di tale modifica l\u2019utente mediante pubblicazione su www.sperlongaturismo.it. La&nbsp;<span class=\"copyright\">Sperlonga Turismo Societ\u00e0 Cooperativa Consortile A.R.L.<\/span> invita l\u2019utente a verificare periodicamente la Privacy Policy per essere informato di eventuali modifiche alla stessa.<\/p>\n<div>\n<h2>Come sono utilizzati i cookies da parte del sito<\/h2>\n<div>\n<h4><strong>Cosa sono i cookies e a cosa servono<\/strong><\/h4>\n<p>I cookies sono informazioni che possono essere salvate sul tuo dispositivo (computer o smartphone) quando navighi su Internet. Grazie ai cookies, il server invia informazioni ogni volta che ritornerai su questo sito o su tutti i siti di propriet\u00e0 della&nbsp;<span class=\"copyright\">Sperlonga Turismo Societ\u00e0 Cooperativa Consortile A.R.L.<\/span> per consentirti una navigazione ottimale.<\/p>\n<p>I cookies servono infatti a migliorare la tua esperienza di navigazione e fornire informazioni al gestore del sito sull\u2019utilizzo che ne stai facendo al fine di ottenere dati statistici, un profilo di utilizzo e veicolare messaggi pubblicitari in linea con i tuoi interessi.<\/p>\n<h4><strong>Quali cookies usa il sito<\/strong><\/h4>\n<p>sperlongaturismo.it utilizza diverse tipologie di cookies.<\/p>\n<p><strong>COOKIES STRETTAMENTE NECESSARI O TECNICI<\/strong><br \/>\nSono fondamentali per navigare all\u2019interno di tutti i siti del gruppo e utilizzarne tutte le funzionalit\u00e0, come ad esempio l\u2019accesso all\u2019Area Riservata. Senza questi cookies non sarebbe possibile fornire i servizi richiesti. Questi cookies non sono usati per finalit\u00e0 di natura commerciale.<\/p>\n<p><strong>COOKIES DI PRESTAZIONE O DI PERFORMANCE<\/strong><br \/>\nRaccolgono e analizzano le informazioni sull\u2019uso del sito da parte dei visitatori (pagine visitate, numero di accessi, tempo di permanenza nel sito, ecc.) per fornirti una migliore esperienza di navigazione. Questo tipo di cookie non raccoglie alcun tipo di informazione che pu\u00f2 in qualche modo identificarti. Tutte le informazioni raccolte sono anonime e usate solamente per migliorare l\u2019utilizzo del sito. Questi cookies non sono usati per finalit\u00e0 di natura commerciale.<\/p>\n<p><strong>COOKIES DI FUNZIONALIT\u00c0<\/strong><br \/>\nPermettono di \u201cricordare\u201d le scelte che hai effettuato e personalizzare i contenuti del sito al fine di migliorare il servizio a te reso. Tutte le informazioni raccolte possono essere anonime.<\/p>\n<p><strong>COOKIES PUBBLICITARI O DI PROFILAZIONE<\/strong><br \/>\nQuesto tipo di cookie \u00e8 usato per personalizzare le informazioni di natura commerciale in base ai tuoi interessi al fine di inviare messaggi pubblicitari in linea con le preferenze manifestate durante la navigazione. Tali cookies memorizzano ci\u00f2 che hai visitato su un dato sito internet e le relative informazioni possono essere condivise con altri soggetti.<\/p>\n<p><strong>COOKIES DI TERZE PARTI<\/strong><br \/>\nQuesti cookies vengono impostati da un sito diverso dal quello che stai visitando (cosiddetto di terze parti). Possono essere cookies di diversa natura: strettamente necessari o tecnici, di prestazione o di performace, di funzionalit\u00e0 e pubblicitari o di profilazione.<\/p>\n<p><strong>Tutti i siti di propriet\u00e0 della&nbsp;<span class=\"copyright\">Sperlonga Turismo Societ\u00e0 Cooperativa Consortile A.R.L.<\/span> funzionano in modo ottimale se i cookies sono abilitati<\/strong><strong>.<\/strong><br \/>\nPuoi comunque decidere di non accettarne l\u2019utilizzo sul tuo dispositivo (computer o smartphone). Per farlo accedi alle \u201cPreferenze\u201d del tuo browser.<\/p>\n<\/div>\n<\/div>\n","protected":false},"excerpt":{"rendered":"<p>TERMINI E CONDIZIONI D\u2019USO Inserendo i propri dati personali nel modulo di adesione e accettando i termini e condizioni di utilizzo il Cliente acconsente al trattamento dei suoi dati personali secondo quanto previsto dal D.lgs. n. 196\/2003. La&nbsp;Sperlonga Turismo Societ\u00e0 Cooperativa Consortile A.R.L.&nbsp;si riserva il diritto di apportare modifiche o emendamenti in qualsiasi momento alle [&hellip;]<\/p>\n","protected":false},"author":1,"featured_media":0,"parent":0,"menu_order":0,"comment_status":"closed","ping_status":"closed","template":"","meta":{"footnotes":""},"class_list":["post-2155","page","type-page","status-publish","hentry"],"_links":{"self":[{"href":"https:\/\/www.sperlongaturismo.it\/en\/wp-json\/wp\/v2\/pages\/2155","targetHints":{"allow":["GET"]}}],"collection":[{"href":"https:\/\/www.sperlongaturismo.it\/en\/wp-json\/wp\/v2\/pages"}],"about":[{"href":"https:\/\/www.sperlongaturismo.it\/en\/wp-json\/wp\/v2\/types\/page"}],"author":[{"embeddable":true,"href":"https:\/\/www.sperlongaturismo.it\/en\/wp-json\/wp\/v2\/users\/1"}],"replies":[{"embeddable":true,"href":"https:\/\/www.sperlongaturismo.it\/en\/wp-json\/wp\/v2\/comments?post=2155"}],"version-history":[{"count":3,"href":"https:\/\/www.sperlongaturismo.it\/en\/wp-json\/wp\/v2\/pages\/2155\/revisions"}],"predecessor-version":[{"id":2160,"href":"https:\/\/www.sperlongaturismo.it\/en\/wp-json\/wp\/v2\/pages\/2155\/revisions\/2160"}],"wp:attachment":[{"href":"https:\/\/www.sperlongaturismo.it\/en\/wp-json\/wp\/v2\/media?parent=2155"}],"curies":[{"name":"wp","href":"https:\/\/api.w.org\/{rel}","templated":true}]}}